{"id":113,"date":"2024-09-01T14:49:09","date_gmt":"2024-09-01T14:49:09","guid":{"rendered":"https:\/\/doula-lilaluna.ch\/?page_id=113"},"modified":"2026-03-20T14:21:37","modified_gmt":"2026-03-20T14:21:37","slug":"was-ist-eine-doula","status":"publish","type":"page","link":"https:\/\/doula-lilaluna.ch\/index.php\/was-ist-eine-doula\/","title":{"rendered":"Was ist eine Doula?"},"content":{"rendered":"\n<div class=\"wp-block-group alignfull animated fadeIn has-background has-global-padding is-layout-constrained wp-container-core-group-is-layout-1 wp-block-group-is-layout-constrained\" style=\"background-color:#b89a141a;margin-top:0;margin-bottom:0;padding-top:var(--wp--preset--spacing--50);padding-right:var(--wp--preset--spacing--50);padding-bottom:var(--wp--preset--spacing--50);padding-left:var(--wp--preset--spacing--50)\">\n<div class=\"wp-block-columns is-layout-flex wp-container-core-columns-is-layout-1 wp-block-columns-is-layout-flex\">\n<div class=\"wp-block-column is-layout-flow wp-block-column-is-layout-flow\" style=\"flex-basis:33.33%\">\n<figure class=\"wp-block-image aligncenter size-large is-resized\"><img loading=\"lazy\" decoding=\"async\" width=\"1024\" height=\"623\" src=\"https:\/\/doula-lilaluna.ch\/wp-content\/uploads\/2024\/09\/lilaluna-elemente_5-1024x623.png\" alt=\"\" class=\"wp-image-66\" style=\"width:281px;height:auto\" srcset=\"https:\/\/doula-lilaluna.ch\/wp-content\/uploads\/2024\/09\/lilaluna-elemente_5-1024x623.png 1024w, https:\/\/doula-lilaluna.ch\/wp-content\/uploads\/2024\/09\/lilaluna-elemente_5-300x182.png 300w, https:\/\/doula-lilaluna.ch\/wp-content\/uploads\/2024\/09\/lilaluna-elemente_5-768x467.png 768w, https:\/\/doula-lilaluna.ch\/wp-content\/uploads\/2024\/09\/lilaluna-elemente_5-1536x934.png 1536w, https:\/\/doula-lilaluna.ch\/wp-content\/uploads\/2024\/09\/lilaluna-elemente_5-2048x1246.png 2048w\" sizes=\"(max-width: 1024px) 100vw, 1024px\" \/><\/figure>\n<\/div>\n\n\n\n<div class=\"wp-block-column is-layout-flow wp-block-column-is-layout-flow\" style=\"flex-basis:66.66%\">\n<p class=\"has-poppins-font-family has-large-font-size\" style=\"font-style:normal;font-weight:300\">Das Wort \u00abDoula\u00bb stammt aus dem Altgriechischen und bedeutet frei \u00fcbersetzt \u00abDienerin der Frau\u00bb. Seit jeher wurden Geb\u00e4rende von geburtserfahrenen Frauen begleitet.&nbsp;<\/p>\n<\/div>\n<\/div>\n<\/div>\n\n\n\n<div class=\"wp-block-group alignfull has-global-padding is-layout-constrained wp-container-core-group-is-layout-3 wp-block-group-is-layout-constrained\" style=\"margin-top:0;margin-bottom:0;padding-top:var(--wp--preset--spacing--40);padding-right:var(--wp--preset--spacing--30);padding-bottom:var(--wp--preset--spacing--40);padding-left:var(--wp--preset--spacing--30)\">\n<div class=\"wp-block-group has-global-padding is-layout-constrained wp-block-group-is-layout-constrained\">\n<div class=\"wp-block-columns is-layout-flex wp-container-core-columns-is-layout-2 wp-block-columns-is-layout-flex\">\n<div class=\"wp-block-column is-layout-flow wp-block-column-is-layout-flow\" style=\"flex-basis:66.66%\">\n<p class=\"has-poppins-font-family\">Als achtsame Vertraute, speziell ausgebildete und geburtserfahrene Frau ist die Doula w\u00e4hrend der Schwangerschaft, bei der Geburt sowie im Wochenbett Ansprechperson f\u00fcr die werdende Mutter und ihren Partner\/ihre Partnerin. Auch f\u00fcr den werdenden Vater kann die Doula eine hilfreiche St\u00fctze sein bei Fragen rund um die neuen Bed\u00fcrfnisse und Anforderungen.&nbsp;<br>F\u00fcr alleinstehende Frauen oder wenn der Partner\/die Partnerin bei der Geburt nicht dabei sein kann oder m\u00f6chte, stellt die Geburtsbegleitung durch eine Doula eine wertvolle Unterst\u00fctzung dar.<br>&nbsp;<br>\u200bDie Doula hat keine medizinische Befugnis, deshalb wird die Hebamme oder der Facharzt\/Fach\u00e4rztin nicht ersetzt!<\/p>\n\n\n\n<p class=\"has-poppins-font-family\">Durch das Kennenlernen w\u00e4hrend der Schwangerschaft kennt die Doula die Bed\u00fcrfnisse der Frau\/des Paares, ein Vertrauensverh\u00e4ltnis entsteht. Dadurch wird die Frau\/das Paar w\u00e4hrend der Geburt individuell durch die Doula begleitet und bildet eine wertvolle Erg\u00e4nzung zu Hebamme und Arzt\/\u00c4rztin.\u200b<br>\u200b<\/p>\n<\/div>\n\n\n\n<div class=\"wp-block-column is-layout-flow wp-block-column-is-layout-flow\" style=\"flex-basis:33.33%\">\n<figure class=\"wp-block-image size-large is-style-rounded is-style-rounded--88db2f3347f833c8e7c8f8cae7f89fdf\"><img loading=\"lazy\" decoding=\"async\" width=\"1024\" height=\"1024\" src=\"https:\/\/doula-lilaluna.ch\/wp-content\/uploads\/2024\/09\/geburt-edited-1024x1024.jpg\" alt=\"\" class=\"wp-image-84\" style=\"aspect-ratio:1;object-fit:cover\" srcset=\"https:\/\/doula-lilaluna.ch\/wp-content\/uploads\/2024\/09\/geburt-edited-1024x1024.jpg 1024w, https:\/\/doula-lilaluna.ch\/wp-content\/uploads\/2024\/09\/geburt-edited-300x300.jpg 300w, https:\/\/doula-lilaluna.ch\/wp-content\/uploads\/2024\/09\/geburt-edited-150x150.jpg 150w, https:\/\/doula-lilaluna.ch\/wp-content\/uploads\/2024\/09\/geburt-edited-768x769.jpg 768w, https:\/\/doula-lilaluna.ch\/wp-content\/uploads\/2024\/09\/geburt-edited.jpg 1324w\" sizes=\"(max-width: 1024px) 100vw, 1024px\" \/><\/figure>\n<\/div>\n<\/div>\n<\/div>\n<\/div>\n\n\n\n<div class=\"wp-block-group alignfull has-global-padding is-layout-constrained wp-container-core-group-is-layout-4 wp-block-group-is-layout-constrained\" style=\"margin-top:0;margin-bottom:0;padding-top:var(--wp--preset--spacing--20);padding-right:var(--wp--preset--spacing--40);padding-bottom:var(--wp--preset--spacing--20);padding-left:var(--wp--preset--spacing--40)\">\n<div class=\"wp-block-columns is-layout-flex wp-container-core-columns-is-layout-3 wp-block-columns-is-layout-flex\">\n<div class=\"wp-block-column is-layout-flow wp-block-column-is-layout-flow\" style=\"flex-basis:25%\">\n<p><strong>Besonders w\u00e4hrend der Geburt beeinflusst die kontinuierliche Begleitung durch eine Doula das Geburtserlebnis positiv. Dies zeigt eine Studie der Cochrane Collaboration* aus dem&nbsp;Jahr 2017 eindr\u00fccklich.<\/strong><\/p>\n<\/div>\n\n\n\n<div class=\"wp-block-column is-layout-flow wp-block-column-is-layout-flow\" style=\"flex-basis:50%\">\n<p>1\/4 k\u00fcrzere Geburtsdauer<br>1\/3 reduziertes Risiko, das Geburtserlebnis als negativ zu bewerten<br>28 % weniger Nachfrage an jeglichen Schmerzmitteln<br>39 % weniger Verwendung von wehenf\u00f6rdernden Mitteln<br>60 % weniger Nachfrage nach einer PDA<br>41 % weniger Verwendung von Saugglocke oder Zange<br>50 % weniger Kaiserschnitte<\/p>\n<\/div>\n\n\n\n<div class=\"wp-block-column is-vertically-aligned-center is-layout-flow wp-block-column-is-layout-flow\" style=\"flex-basis:25%\">\n<figure class=\"wp-block-image aligncenter size-large is-resized\"><img loading=\"lazy\" decoding=\"async\" width=\"1024\" height=\"640\" src=\"https:\/\/doula-lilaluna.ch\/wp-content\/uploads\/2024\/09\/lilaluna-elemente_2-1024x640.png\" alt=\"\" class=\"wp-image-63\" style=\"width:200px\" srcset=\"https:\/\/doula-lilaluna.ch\/wp-content\/uploads\/2024\/09\/lilaluna-elemente_2-1024x640.png 1024w, https:\/\/doula-lilaluna.ch\/wp-content\/uploads\/2024\/09\/lilaluna-elemente_2-300x188.png 300w, https:\/\/doula-lilaluna.ch\/wp-content\/uploads\/2024\/09\/lilaluna-elemente_2-768x480.png 768w, https:\/\/doula-lilaluna.ch\/wp-content\/uploads\/2024\/09\/lilaluna-elemente_2-1536x960.png 1536w, https:\/\/doula-lilaluna.ch\/wp-content\/uploads\/2024\/09\/lilaluna-elemente_2-2048x1280.png 2048w\" sizes=\"(max-width: 1024px) 100vw, 1024px\" \/><\/figure>\n<\/div>\n<\/div>\n<\/div>\n\n\n\n<div class=\"wp-block-group alignfull has-global-padding is-layout-constrained wp-container-core-group-is-layout-6 wp-block-group-is-layout-constrained\" style=\"margin-top:0;margin-bottom:0;padding-top:var(--wp--preset--spacing--20);padding-right:var(--wp--preset--spacing--40);padding-bottom:var(--wp--preset--spacing--20);padding-left:var(--wp--preset--spacing--40)\">\n<div class=\"wp-block-columns is-layout-flex wp-container-core-columns-is-layout-4 wp-block-columns-is-layout-flex\">\n<div class=\"wp-block-column is-layout-flow wp-block-column-is-layout-flow\" style=\"flex-basis:25%\">\n<div class=\"wp-block-buttons is-layout-flex wp-block-buttons-is-layout-flex\">\n<div class=\"wp-block-button\"><a class=\"wp-block-button__link wp-element-button\" href=\"https:\/\/www.cochrane.org\/de\/CD003766\/PREG_kontinuierliche-unterstutzung-fur-frauen-wahrend-der-geburt\">Link zur Studie<\/a><\/div>\n<\/div>\n<\/div>\n\n\n\n<div class=\"wp-block-column is-layout-flow wp-block-column-is-layout-flow\"><\/div>\n\n\n\n<div class=\"wp-block-column is-layout-flow wp-block-column-is-layout-flow\" style=\"flex-basis:50%\">\n<div style=\"height:100px\" aria-hidden=\"true\" class=\"wp-block-spacer\"><\/div>\n<\/div>\n\n\n\n<div class=\"wp-block-column is-layout-flow wp-block-column-is-layout-flow\" style=\"flex-basis:25%\"><\/div>\n<\/div>\n\n\n\n<div class=\"wp-block-group alignfull animated fadeIn has-background has-global-padding is-layout-constrained wp-container-core-group-is-layout-5 wp-block-group-is-layout-constrained\" style=\"background-color:#5318661a;margin-top:0;margin-bottom:0;padding-top:var(--wp--preset--spacing--40);padding-right:var(--wp--preset--spacing--50);padding-bottom:var(--wp--preset--spacing--40);padding-left:var(--wp--preset--spacing--50)\">\n<div class=\"wp-block-columns alignwide are-vertically-aligned-center is-layout-flex wp-container-core-columns-is-layout-5 wp-block-columns-is-layout-flex\">\n<div class=\"wp-block-column is-vertically-aligned-center is-layout-flow wp-block-column-is-layout-flow\" style=\"flex-basis:50%\">\n<figure class=\"wp-block-image aligncenter size-full is-resized is-style-rounded is-style-rounded--7900654cf03f2b529707a9b8c5d2e1f6\"><img loading=\"lazy\" decoding=\"async\" width=\"1000\" height=\"1000\" src=\"https:\/\/doula-lilaluna.ch\/wp-content\/uploads\/2024\/08\/nicole-web.jpg\" alt=\"\" class=\"wp-image-85\" style=\"aspect-ratio:1;object-fit:cover;width:500px\" srcset=\"https:\/\/doula-lilaluna.ch\/wp-content\/uploads\/2024\/08\/nicole-web.jpg 1000w, https:\/\/doula-lilaluna.ch\/wp-content\/uploads\/2024\/08\/nicole-web-300x300.jpg 300w, https:\/\/doula-lilaluna.ch\/wp-content\/uploads\/2024\/08\/nicole-web-150x150.jpg 150w, https:\/\/doula-lilaluna.ch\/wp-content\/uploads\/2024\/08\/nicole-web-768x768.jpg 768w\" sizes=\"(max-width: 1000px) 100vw, 1000px\" \/><\/figure>\n<\/div>\n\n\n\n<div class=\"wp-block-column is-vertically-aligned-center is-layout-flow wp-block-column-is-layout-flow\" style=\"flex-basis:50%\">\n<h2 class=\"wp-block-heading is-style-default has-poppins-font-family\" style=\"font-style:normal;font-weight:300\">Melde dich bei mir f\u00fcr ein Gespr\u00e4ch<\/h2>\n\n\n\n<p>\u200bIch begleite Dich an dem von dir gew\u00fcnschten Geburtsort (zu Hause, im Spital oder Geburtshaus), in den Kantonen SO, BE, AG, LU, BL, BS (auf Anfrage auch in anderen Regionen)<\/p>\n\n\n\n<div id=\"wp-block-themeisle-blocks-button-group-542ca7bb\" class=\"wp-block-themeisle-blocks-button-group wp-block-buttons\">\n<div id=\"wp-block-themeisle-blocks-button-53bb89e1\" class=\"wp-block-themeisle-blocks-button wp-block-button\"><a href=\"https:\/\/doula-lilaluna.ch\/index.php\/kontakt\/\" target=\"_self\" rel=\"noopener noreferrer\" class=\"wp-block-button__link\"><span>Zum Kontakt<\/span><\/a><\/div>\n\n\n\n<div id=\"wp-block-themeisle-blocks-button-10e772a2\" class=\"wp-block-themeisle-blocks-button wp-block-button\"><a href=\"https:\/\/doula-lilaluna.ch\/index.php\/ueber-mich\/\" target=\"_self\" rel=\"noopener noreferrer\" class=\"wp-block-button__link\"><span>\u00dcber mich<\/span><\/a><\/div>\n<\/div>\n<\/div>\n<\/div>\n<\/div>\n<\/div>\n\n\n\n<p><\/p>\n","protected":false},"excerpt":{"rendered":"<p>Das Wort \u00abDoula\u00bb stammt aus dem Altgriechischen und bedeutet frei \u00fcbersetzt \u00abDienerin der Frau\u00bb. Seit jeher wurden Geb\u00e4rende von geburtserfahrenen Frauen begleitet.&nbsp; Als achtsame Vertraute, speziell ausgebildete und geburtserfahrene Frau ist die Doula w\u00e4hrend der Schwangerschaft, bei der Geburt sowie im Wochenbett Ansprechperson f\u00fcr die werdende Mutter und ihren Partner\/ihre Partnerin. Auch f\u00fcr den werdenden [&hellip;]<\/p>\n","protected":false},"author":1,"featured_media":0,"parent":0,"menu_order":0,"comment_status":"closed","ping_status":"closed","template":"","meta":{"_themeisle_gutenberg_block_has_review":false,"footnotes":""},"class_list":["post-113","page","type-page","status-publish","hentry"],"yoast_head":"<!-- This site is optimized with the Yoast SEO plugin v25.6 - https:\/\/yoast.com\/wordpress\/plugins\/seo\/ -->\n<title>Was ist eine Doula? - Doula Lilaluna<\/title>\n<meta name=\"robots\" content=\"index, follow, max-snippet:-1, max-image-preview:large, max-video-preview:-1\" \/>\n<link rel=\"canonical\" href=\"https:\/\/doula-lilaluna.ch\/index.php\/was-ist-eine-doula\/\" \/>\n<meta property=\"og:locale\" content=\"de_DE\" \/>\n<meta property=\"og:type\" content=\"article\" \/>\n<meta property=\"og:title\" content=\"Was ist eine Doula? - Doula Lilaluna\" \/>\n<meta property=\"og:description\" content=\"Das Wort \u00abDoula\u00bb stammt aus dem Altgriechischen und bedeutet frei \u00fcbersetzt \u00abDienerin der Frau\u00bb. Seit jeher wurden Geb\u00e4rende von geburtserfahrenen Frauen begleitet.&nbsp; Als achtsame Vertraute, speziell ausgebildete und geburtserfahrene Frau ist die Doula w\u00e4hrend der Schwangerschaft, bei der Geburt sowie im Wochenbett Ansprechperson f\u00fcr die werdende Mutter und ihren Partner\/ihre Partnerin. Auch f\u00fcr den werdenden [&hellip;]\" \/>\n<meta property=\"og:url\" content=\"https:\/\/doula-lilaluna.ch\/index.php\/was-ist-eine-doula\/\" \/>\n<meta property=\"og:site_name\" content=\"Doula Lilaluna\" \/>\n<meta property=\"article:modified_time\" content=\"2026-03-20T14:21:37+00:00\" \/>\n<meta property=\"og:image\" content=\"https:\/\/doula-lilaluna.ch\/wp-content\/uploads\/2024\/09\/lilaluna-elemente_5.png\" \/>\n\t<meta property=\"og:image:width\" content=\"8334\" \/>\n\t<meta property=\"og:image:height\" content=\"5069\" \/>\n\t<meta property=\"og:image:type\" content=\"image\/png\" \/>\n<meta name=\"twitter:card\" content=\"summary_large_image\" \/>\n<meta name=\"twitter:label1\" content=\"Gesch\u00e4tzte Lesezeit\" \/>\n\t<meta name=\"twitter:data1\" content=\"3\u00a0Minuten\" \/>\n<script type=\"application\/ld+json\" class=\"yoast-schema-graph\">{\"@context\":\"https:\/\/schema.org\",\"@graph\":[{\"@type\":\"WebPage\",\"@id\":\"https:\/\/doula-lilaluna.ch\/index.php\/was-ist-eine-doula\/\",\"url\":\"https:\/\/doula-lilaluna.ch\/index.php\/was-ist-eine-doula\/\",\"name\":\"Was ist eine Doula? - Doula Lilaluna\",\"isPartOf\":{\"@id\":\"https:\/\/doula-lilaluna.ch\/#website\"},\"primaryImageOfPage\":{\"@id\":\"https:\/\/doula-lilaluna.ch\/index.php\/was-ist-eine-doula\/#primaryimage\"},\"image\":{\"@id\":\"https:\/\/doula-lilaluna.ch\/index.php\/was-ist-eine-doula\/#primaryimage\"},\"thumbnailUrl\":\"https:\/\/doula-lilaluna.ch\/wp-content\/uploads\/2024\/09\/lilaluna-elemente_5-1024x623.png\",\"datePublished\":\"2024-09-01T14:49:09+00:00\",\"dateModified\":\"2026-03-20T14:21:37+00:00\",\"breadcrumb\":{\"@id\":\"https:\/\/doula-lilaluna.ch\/index.php\/was-ist-eine-doula\/#breadcrumb\"},\"inLanguage\":\"de\",\"potentialAction\":[{\"@type\":\"ReadAction\",\"target\":[\"https:\/\/doula-lilaluna.ch\/index.php\/was-ist-eine-doula\/\"]}]},{\"@type\":\"ImageObject\",\"inLanguage\":\"de\",\"@id\":\"https:\/\/doula-lilaluna.ch\/index.php\/was-ist-eine-doula\/#primaryimage\",\"url\":\"https:\/\/doula-lilaluna.ch\/wp-content\/uploads\/2024\/09\/lilaluna-elemente_5.png\",\"contentUrl\":\"https:\/\/doula-lilaluna.ch\/wp-content\/uploads\/2024\/09\/lilaluna-elemente_5.png\",\"width\":8334,\"height\":5069},{\"@type\":\"BreadcrumbList\",\"@id\":\"https:\/\/doula-lilaluna.ch\/index.php\/was-ist-eine-doula\/#breadcrumb\",\"itemListElement\":[{\"@type\":\"ListItem\",\"position\":1,\"name\":\"Startseite\",\"item\":\"https:\/\/doula-lilaluna.ch\/\"},{\"@type\":\"ListItem\",\"position\":2,\"name\":\"Was ist eine Doula?\"}]},{\"@type\":\"WebSite\",\"@id\":\"https:\/\/doula-lilaluna.ch\/#website\",\"url\":\"https:\/\/doula-lilaluna.ch\/\",\"name\":\"Doula Lilaluna\",\"description\":\"\",\"publisher\":{\"@id\":\"https:\/\/doula-lilaluna.ch\/#\/schema\/person\/eb51abeee0f75899d8fa3b8374fb01df\"},\"potentialAction\":[{\"@type\":\"SearchAction\",\"target\":{\"@type\":\"EntryPoint\",\"urlTemplate\":\"https:\/\/doula-lilaluna.ch\/?s={search_term_string}\"},\"query-input\":{\"@type\":\"PropertyValueSpecification\",\"valueRequired\":true,\"valueName\":\"search_term_string\"}}],\"inLanguage\":\"de\"},{\"@type\":[\"Person\",\"Organization\"],\"@id\":\"https:\/\/doula-lilaluna.ch\/#\/schema\/person\/eb51abeee0f75899d8fa3b8374fb01df\",\"name\":\"admin\",\"image\":{\"@type\":\"ImageObject\",\"inLanguage\":\"de\",\"@id\":\"https:\/\/doula-lilaluna.ch\/#\/schema\/person\/image\/\",\"url\":\"https:\/\/doula-lilaluna.ch\/wp-content\/uploads\/2024\/08\/LilaLuna_RGB.png\",\"contentUrl\":\"https:\/\/doula-lilaluna.ch\/wp-content\/uploads\/2024\/08\/LilaLuna_RGB.png\",\"width\":6615,\"height\":4583,\"caption\":\"admin\"},\"logo\":{\"@id\":\"https:\/\/doula-lilaluna.ch\/#\/schema\/person\/image\/\"},\"sameAs\":[\"https:\/\/doula-lilaluna.ch\",\"https:\/\/www.instagram.com\/doulalilaluna\"]}]}<\/script>\n<!-- \/ Yoast SEO plugin. -->","yoast_head_json":{"title":"Was ist eine Doula? - Doula Lilaluna","robots":{"index":"index","follow":"follow","max-snippet":"max-snippet:-1","max-image-preview":"max-image-preview:large","max-video-preview":"max-video-preview:-1"},"canonical":"https:\/\/doula-lilaluna.ch\/index.php\/was-ist-eine-doula\/","og_locale":"de_DE","og_type":"article","og_title":"Was ist eine Doula? - Doula Lilaluna","og_description":"Das Wort \u00abDoula\u00bb stammt aus dem Altgriechischen und bedeutet frei \u00fcbersetzt \u00abDienerin der Frau\u00bb. Seit jeher wurden Geb\u00e4rende von geburtserfahrenen Frauen begleitet.&nbsp; Als achtsame Vertraute, speziell ausgebildete und geburtserfahrene Frau ist die Doula w\u00e4hrend der Schwangerschaft, bei der Geburt sowie im Wochenbett Ansprechperson f\u00fcr die werdende Mutter und ihren Partner\/ihre Partnerin. Auch f\u00fcr den werdenden [&hellip;]","og_url":"https:\/\/doula-lilaluna.ch\/index.php\/was-ist-eine-doula\/","og_site_name":"Doula Lilaluna","article_modified_time":"2026-03-20T14:21:37+00:00","og_image":[{"width":8334,"height":5069,"url":"https:\/\/doula-lilaluna.ch\/wp-content\/uploads\/2024\/09\/lilaluna-elemente_5.png","type":"image\/png"}],"twitter_card":"summary_large_image","twitter_misc":{"Gesch\u00e4tzte Lesezeit":"3\u00a0Minuten"},"schema":{"@context":"https:\/\/schema.org","@graph":[{"@type":"WebPage","@id":"https:\/\/doula-lilaluna.ch\/index.php\/was-ist-eine-doula\/","url":"https:\/\/doula-lilaluna.ch\/index.php\/was-ist-eine-doula\/","name":"Was ist eine Doula? - Doula Lilaluna","isPartOf":{"@id":"https:\/\/doula-lilaluna.ch\/#website"},"primaryImageOfPage":{"@id":"https:\/\/doula-lilaluna.ch\/index.php\/was-ist-eine-doula\/#primaryimage"},"image":{"@id":"https:\/\/doula-lilaluna.ch\/index.php\/was-ist-eine-doula\/#primaryimage"},"thumbnailUrl":"https:\/\/doula-lilaluna.ch\/wp-content\/uploads\/2024\/09\/lilaluna-elemente_5-1024x623.png","datePublished":"2024-09-01T14:49:09+00:00","dateModified":"2026-03-20T14:21:37+00:00","breadcrumb":{"@id":"https:\/\/doula-lilaluna.ch\/index.php\/was-ist-eine-doula\/#breadcrumb"},"inLanguage":"de","potentialAction":[{"@type":"ReadAction","target":["https:\/\/doula-lilaluna.ch\/index.php\/was-ist-eine-doula\/"]}]},{"@type":"ImageObject","inLanguage":"de","@id":"https:\/\/doula-lilaluna.ch\/index.php\/was-ist-eine-doula\/#primaryimage","url":"https:\/\/doula-lilaluna.ch\/wp-content\/uploads\/2024\/09\/lilaluna-elemente_5.png","contentUrl":"https:\/\/doula-lilaluna.ch\/wp-content\/uploads\/2024\/09\/lilaluna-elemente_5.png","width":8334,"height":5069},{"@type":"BreadcrumbList","@id":"https:\/\/doula-lilaluna.ch\/index.php\/was-ist-eine-doula\/#breadcrumb","itemListElement":[{"@type":"ListItem","position":1,"name":"Startseite","item":"https:\/\/doula-lilaluna.ch\/"},{"@type":"ListItem","position":2,"name":"Was ist eine Doula?"}]},{"@type":"WebSite","@id":"https:\/\/doula-lilaluna.ch\/#website","url":"https:\/\/doula-lilaluna.ch\/","name":"Doula Lilaluna","description":"","publisher":{"@id":"https:\/\/doula-lilaluna.ch\/#\/schema\/person\/eb51abeee0f75899d8fa3b8374fb01df"},"potentialAction":[{"@type":"SearchAction","target":{"@type":"EntryPoint","urlTemplate":"https:\/\/doula-lilaluna.ch\/?s={search_term_string}"},"query-input":{"@type":"PropertyValueSpecification","valueRequired":true,"valueName":"search_term_string"}}],"inLanguage":"de"},{"@type":["Person","Organization"],"@id":"https:\/\/doula-lilaluna.ch\/#\/schema\/person\/eb51abeee0f75899d8fa3b8374fb01df","name":"admin","image":{"@type":"ImageObject","inLanguage":"de","@id":"https:\/\/doula-lilaluna.ch\/#\/schema\/person\/image\/","url":"https:\/\/doula-lilaluna.ch\/wp-content\/uploads\/2024\/08\/LilaLuna_RGB.png","contentUrl":"https:\/\/doula-lilaluna.ch\/wp-content\/uploads\/2024\/08\/LilaLuna_RGB.png","width":6615,"height":4583,"caption":"admin"},"logo":{"@id":"https:\/\/doula-lilaluna.ch\/#\/schema\/person\/image\/"},"sameAs":["https:\/\/doula-lilaluna.ch","https:\/\/www.instagram.com\/doulalilaluna"]}]}},"_links":{"self":[{"href":"https:\/\/doula-lilaluna.ch\/index.php\/wp-json\/wp\/v2\/pages\/113"}],"collection":[{"href":"https:\/\/doula-lilaluna.ch\/index.php\/wp-json\/wp\/v2\/pages"}],"about":[{"href":"https:\/\/doula-lilaluna.ch\/index.php\/wp-json\/wp\/v2\/types\/page"}],"author":[{"embeddable":true,"href":"https:\/\/doula-lilaluna.ch\/index.php\/wp-json\/wp\/v2\/users\/1"}],"replies":[{"embeddable":true,"href":"https:\/\/doula-lilaluna.ch\/index.php\/wp-json\/wp\/v2\/comments?post=113"}],"version-history":[{"count":13,"href":"https:\/\/doula-lilaluna.ch\/index.php\/wp-json\/wp\/v2\/pages\/113\/revisions"}],"predecessor-version":[{"id":351,"href":"https:\/\/doula-lilaluna.ch\/index.php\/wp-json\/wp\/v2\/pages\/113\/revisions\/351"}],"wp:attachment":[{"href":"https:\/\/doula-lilaluna.ch\/index.php\/wp-json\/wp\/v2\/media?parent=113"}],"curies":[{"name":"wp","href":"https:\/\/api.w.org\/{rel}","templated":true}]}}