{"id":151,"date":"2024-09-23T15:58:25","date_gmt":"2024-09-23T15:58:25","guid":{"rendered":"https:\/\/doula-lilaluna.ch\/?page_id=151"},"modified":"2026-03-20T14:35:15","modified_gmt":"2026-03-20T14:35:15","slug":"ueber-mich","status":"publish","type":"page","link":"https:\/\/doula-lilaluna.ch\/index.php\/ueber-mich\/","title":{"rendered":"\u00dcber mich"},"content":{"rendered":"\n<div class=\"wp-block-group alignfull has-background has-global-padding is-layout-constrained wp-container-core-group-is-layout-1 wp-block-group-is-layout-constrained\" style=\"background-color:#b89a141a;margin-top:0;margin-bottom:0;padding-top:var(--wp--preset--spacing--50);padding-right:var(--wp--preset--spacing--50);padding-bottom:var(--wp--preset--spacing--50);padding-left:var(--wp--preset--spacing--50)\">\n<div class=\"wp-block-columns is-layout-flex wp-container-core-columns-is-layout-1 wp-block-columns-is-layout-flex\" style=\"padding-top:0;padding-bottom:0\">\n<div class=\"wp-block-column is-layout-flow wp-block-column-is-layout-flow\" style=\"flex-basis:33.33%\">\n<figure class=\"wp-block-image aligncenter size-large is-resized\"><img loading=\"lazy\" decoding=\"async\" width=\"1024\" height=\"623\" src=\"https:\/\/doula-lilaluna.ch\/wp-content\/uploads\/2024\/09\/lilaluna-elemente_5-1024x623.png\" alt=\"\" class=\"wp-image-66\" style=\"width:281px\" srcset=\"https:\/\/doula-lilaluna.ch\/wp-content\/uploads\/2024\/09\/lilaluna-elemente_5-1024x623.png 1024w, https:\/\/doula-lilaluna.ch\/wp-content\/uploads\/2024\/09\/lilaluna-elemente_5-300x182.png 300w, https:\/\/doula-lilaluna.ch\/wp-content\/uploads\/2024\/09\/lilaluna-elemente_5-768x467.png 768w, https:\/\/doula-lilaluna.ch\/wp-content\/uploads\/2024\/09\/lilaluna-elemente_5-1536x934.png 1536w, https:\/\/doula-lilaluna.ch\/wp-content\/uploads\/2024\/09\/lilaluna-elemente_5-2048x1246.png 2048w\" sizes=\"(max-width: 1024px) 100vw, 1024px\" \/><\/figure>\n<\/div>\n\n\n\n<div class=\"wp-block-column is-vertically-aligned-center is-layout-flow wp-block-column-is-layout-flow\" style=\"flex-basis:66.66%\">\n<h2 class=\"wp-block-heading has-custom-color-2-color has-text-color has-link-color has-poppins-font-family has-large-font-size wp-elements-8923fb69e9ed1506f0c3f92129ad1771\" style=\"font-style:normal;font-weight:300\">\u00abEs muss von Herzen kommen, was auf Herzen wirken soll.\u00bb<\/h2>\n<\/div>\n<\/div>\n<\/div>\n\n\n\n<div class=\"wp-block-group alignfull has-global-padding is-layout-constrained wp-container-core-group-is-layout-3 wp-block-group-is-layout-constrained\" style=\"margin-top:0;margin-bottom:0;padding-top:var(--wp--preset--spacing--40);padding-right:var(--wp--preset--spacing--30);padding-bottom:var(--wp--preset--spacing--40);padding-left:var(--wp--preset--spacing--30)\">\n<div class=\"wp-block-group has-global-padding is-layout-constrained wp-block-group-is-layout-constrained\">\n<div class=\"wp-block-columns is-layout-flex wp-container-core-columns-is-layout-2 wp-block-columns-is-layout-flex\">\n<div class=\"wp-block-column is-layout-flow wp-block-column-is-layout-flow\" style=\"flex-basis:66.66%\">\n<p class=\"has-poppins-font-family\">1986 kam ich als Erstgeborene mit dem Namen Nicole zur Welt. Heute bin ich mit ganzem Herzen Doula, med. Praxisassistentin und Mama von 3 wundervollen Kindern (Julian 2016, Zwillinge Tarja&amp;Laurin 2018).<br><br>Mein Herz ist offen, ich begegne Menschen mit Respekt, empathisch und mit positiven Gedanken. Ich bin ehrlich und direkt. Gerne lebe ich mit meiner Familie im sch\u00f6nen, l\u00e4ndlichen G\u00e4u im Kanton Solothurn, zu Hause bin ich auf der ganzen Welt.<br><br>Ich liebe gutes Essen und ein Glas Wein dazu, laue Sommern\u00e4chte, gute Gespr\u00e4che mit lieben Menschen, die Berge, das Meer und Nutella \u263a Arbeitserfahrung habe ich in verschiedenen Arztpraxen und im Spital gesammelt und meinen Horizont habe ich durchs Reisen in ferne L\u00e4nder erweitert.<br><br><strong>Jede Frau hat eine Doula verdient, welche ihr Geborgenheit, R\u00fcckhalt und Sicherheit vermittelt. Gerne bin ich auch deine Doula und begleite Dich ein St\u00fcck auf deinem Weg.<br><\/strong>\u200b<\/p>\n<\/div>\n\n\n\n<div class=\"wp-block-column is-layout-flow wp-block-column-is-layout-flow\" style=\"flex-basis:33.33%\">\n<figure class=\"wp-block-image size-large is-resized is-style-rounded is-style-rounded--76cde44881a6e4e918a07a18d0db561d\"><img loading=\"lazy\" decoding=\"async\" width=\"1024\" height=\"1024\" src=\"https:\/\/doula-lilaluna.ch\/wp-content\/uploads\/2024\/10\/nicole-web-3-1024x1024.png\" alt=\"\" class=\"wp-image-303\" style=\"object-fit:cover;width:389px;height:auto\" srcset=\"https:\/\/doula-lilaluna.ch\/wp-content\/uploads\/2024\/10\/nicole-web-3-1024x1024.png 1024w, https:\/\/doula-lilaluna.ch\/wp-content\/uploads\/2024\/10\/nicole-web-3-300x300.png 300w, https:\/\/doula-lilaluna.ch\/wp-content\/uploads\/2024\/10\/nicole-web-3-150x150.png 150w, https:\/\/doula-lilaluna.ch\/wp-content\/uploads\/2024\/10\/nicole-web-3-768x768.png 768w, https:\/\/doula-lilaluna.ch\/wp-content\/uploads\/2024\/10\/nicole-web-3-1536x1536.png 1536w, https:\/\/doula-lilaluna.ch\/wp-content\/uploads\/2024\/10\/nicole-web-3.png 1800w\" sizes=\"(max-width: 1024px) 100vw, 1024px\" \/><\/figure>\n<\/div>\n<\/div>\n\n\n\n<div class=\"wp-block-columns is-layout-flex wp-container-core-columns-is-layout-3 wp-block-columns-is-layout-flex\">\n<div class=\"wp-block-column is-layout-flow wp-block-column-is-layout-flow\">\n<figure class=\"wp-block-image aligncenter size-large is-resized is-style-rounded is-style-rounded--d364e6d71be646de03bb242b375e4a81\"><img loading=\"lazy\" decoding=\"async\" width=\"1024\" height=\"1024\" src=\"https:\/\/doula-lilaluna.ch\/wp-content\/uploads\/2024\/10\/kind-1024x1024.jpg\" alt=\"\" class=\"wp-image-250\" style=\"width:300px\" srcset=\"https:\/\/doula-lilaluna.ch\/wp-content\/uploads\/2024\/10\/kind-1024x1024.jpg 1024w, https:\/\/doula-lilaluna.ch\/wp-content\/uploads\/2024\/10\/kind-300x300.jpg 300w, https:\/\/doula-lilaluna.ch\/wp-content\/uploads\/2024\/10\/kind-150x150.jpg 150w, https:\/\/doula-lilaluna.ch\/wp-content\/uploads\/2024\/10\/kind-768x768.jpg 768w, https:\/\/doula-lilaluna.ch\/wp-content\/uploads\/2024\/10\/kind-1536x1536.jpg 1536w, https:\/\/doula-lilaluna.ch\/wp-content\/uploads\/2024\/10\/kind.jpg 1800w\" sizes=\"(max-width: 1024px) 100vw, 1024px\" \/><\/figure>\n<\/div>\n\n\n\n<div class=\"wp-block-column is-layout-flow wp-block-column-is-layout-flow\">\n<figure class=\"wp-block-image aligncenter size-large is-resized is-style-rounded is-style-rounded--90f80d51718dbb8e7f1838f7fe2ea95f\"><img loading=\"lazy\" decoding=\"async\" width=\"1024\" height=\"1024\" src=\"https:\/\/doula-lilaluna.ch\/wp-content\/uploads\/2024\/10\/zwillinge-1024x1024.jpg\" alt=\"\" class=\"wp-image-251\" style=\"width:300px\" srcset=\"https:\/\/doula-lilaluna.ch\/wp-content\/uploads\/2024\/10\/zwillinge-1024x1024.jpg 1024w, https:\/\/doula-lilaluna.ch\/wp-content\/uploads\/2024\/10\/zwillinge-300x300.jpg 300w, https:\/\/doula-lilaluna.ch\/wp-content\/uploads\/2024\/10\/zwillinge-150x150.jpg 150w, https:\/\/doula-lilaluna.ch\/wp-content\/uploads\/2024\/10\/zwillinge-768x768.jpg 768w, https:\/\/doula-lilaluna.ch\/wp-content\/uploads\/2024\/10\/zwillinge-1536x1536.jpg 1536w, https:\/\/doula-lilaluna.ch\/wp-content\/uploads\/2024\/10\/zwillinge.jpg 1800w\" sizes=\"(max-width: 1024px) 100vw, 1024px\" \/><\/figure>\n<\/div>\n\n\n\n<div class=\"wp-block-column is-vertically-aligned-center is-layout-flow wp-block-column-is-layout-flow\"><\/div>\n<\/div>\n<\/div>\n<\/div>\n\n\n\n<div class=\"wp-block-group alignfull has-global-padding is-layout-constrained wp-container-core-group-is-layout-4 wp-block-group-is-layout-constrained\" style=\"margin-top:0;margin-bottom:0;padding-top:var(--wp--preset--spacing--40);padding-right:var(--wp--preset--spacing--40);padding-bottom:var(--wp--preset--spacing--40);padding-left:var(--wp--preset--spacing--40)\">\n<div class=\"wp-block-columns is-layout-flex wp-container-core-columns-is-layout-4 wp-block-columns-is-layout-flex\">\n<div class=\"wp-block-column is-layout-flow wp-block-column-is-layout-flow\" style=\"flex-basis:33.33%\"><\/div>\n\n\n\n<div class=\"wp-block-column is-layout-flow wp-block-column-is-layout-flow\" style=\"flex-basis:66.66%\">\n<h2 class=\"wp-block-heading has-poppins-font-family\" style=\"font-style:normal;font-weight:300\">Aus- und Weiterbildungen<\/h2>\n<\/div>\n<\/div>\n\n\n\n<div class=\"wp-block-columns is-layout-flex wp-container-core-columns-is-layout-5 wp-block-columns-is-layout-flex\">\n<div class=\"wp-block-column is-layout-flow wp-block-column-is-layout-flow\" style=\"flex-basis:33.33%\">\n<figure class=\"wp-block-image aligncenter size-large is-resized\"><img loading=\"lazy\" decoding=\"async\" width=\"1024\" height=\"640\" src=\"https:\/\/doula-lilaluna.ch\/wp-content\/uploads\/2024\/09\/lilaluna-elemente_2-1024x640.png\" alt=\"\" class=\"wp-image-63\" style=\"width:200px\" srcset=\"https:\/\/doula-lilaluna.ch\/wp-content\/uploads\/2024\/09\/lilaluna-elemente_2-1024x640.png 1024w, https:\/\/doula-lilaluna.ch\/wp-content\/uploads\/2024\/09\/lilaluna-elemente_2-300x188.png 300w, https:\/\/doula-lilaluna.ch\/wp-content\/uploads\/2024\/09\/lilaluna-elemente_2-768x480.png 768w, https:\/\/doula-lilaluna.ch\/wp-content\/uploads\/2024\/09\/lilaluna-elemente_2-1536x960.png 1536w, https:\/\/doula-lilaluna.ch\/wp-content\/uploads\/2024\/09\/lilaluna-elemente_2-2048x1280.png 2048w\" sizes=\"(max-width: 1024px) 100vw, 1024px\" \/><\/figure>\n<\/div>\n\n\n\n<div class=\"wp-block-column is-layout-flow wp-block-column-is-layout-flow\" style=\"flex-basis:66.66%\">\n<div id=\"wp-block-themeisle-blocks-accordion-b5469c72\" class=\"wp-block-themeisle-blocks-accordion exclusive\">\n<details class=\"wp-block-themeisle-blocks-accordion-item\"><summary class=\"wp-block-themeisle-blocks-accordion-item__title\"><div>2026<\/div><\/summary><div class=\"wp-block-themeisle-blocks-accordion-item__content\">\n<ul class=\"wp-block-list\">\n<li>R\u00e4uchern, Brunnmatthof Heilpflanzenschule<\/li>\n<\/ul>\n<\/div><\/details>\n\n\n\n<details class=\"wp-block-themeisle-blocks-accordion-item\"><summary class=\"wp-block-themeisle-blocks-accordion-item__title\"><div>2025<\/div><\/summary><div class=\"wp-block-themeisle-blocks-accordion-item__content\">\n<ul class=\"wp-block-list\">\n<li>Aromatherapie \u00abRund um Schwangerschaft, Geburt und Wochenbett\u00bb, Schule f\u00fcr Aromatherapie (Belp)<\/li>\n<\/ul>\n<\/div><\/details>\n\n\n\n<details class=\"wp-block-themeisle-blocks-accordion-item\"><summary class=\"wp-block-themeisle-blocks-accordion-item__title\"><div>2024<\/div><\/summary><div class=\"wp-block-themeisle-blocks-accordion-item__content\">\n<ul class=\"wp-block-list\">\n<li>Rebozo, Trageschule Schweiz<\/li>\n\n\n\n<li>Pharmos Natur Gesichtsbehandlung<\/li>\n<\/ul>\n<\/div><\/details>\n\n\n\n<details class=\"wp-block-themeisle-blocks-accordion-item\"><summary class=\"wp-block-themeisle-blocks-accordion-item__title\"><div>2023<\/div><\/summary><div class=\"wp-block-themeisle-blocks-accordion-item__content\">\n<ul class=\"wp-block-list\">\n<li>Schwangerchafts- und Wochenbettmassage nach Ayurveda, bodyfeet Rapperswil<\/li>\n\n\n\n<li>Doula Ausbildung, bei Doula Ausbildung Schweiz<\/li>\n<\/ul>\n<\/div><\/details>\n\n\n\n<details class=\"wp-block-themeisle-blocks-accordion-item\"><summary class=\"wp-block-themeisle-blocks-accordion-item__title\"><div>Vorher<\/div><\/summary><div class=\"wp-block-themeisle-blocks-accordion-item__content\">\n<ul class=\"wp-block-list\">\n<li>Berufslehre zur Dentalassistentin, Weiterbildung zur Arzt- und Spitalsekret\u00e4rin<\/li>\n\n\n\n<li>Anstellung als kosmetische Mitarbeiterin, Anstellung als med. Praxisassistentin<\/li>\n<\/ul>\n<\/div><\/details>\n\n\n\n<details class=\"wp-block-themeisle-blocks-accordion-item\"><summary class=\"wp-block-themeisle-blocks-accordion-item__title\"><div>Mitgliedschaften<\/div><\/summary><div class=\"wp-block-themeisle-blocks-accordion-item__content\">\n<ul class=\"wp-block-list\">\n<li>Doula Verband Schweiz<\/li>\n\n\n\n<li>Doula Netzwerk Schweiz<\/li>\n\n\n\n<li>Netzwerk \u00abH\u00e4rzensw\u00e4rk\u00bb Olten<\/li>\n<\/ul>\n<\/div><\/details>\n<\/div>\n<\/div>\n<\/div>\n<\/div>\n\n\n\n<div class=\"wp-block-group alignfull has-global-padding is-layout-constrained wp-container-core-group-is-layout-6 wp-block-group-is-layout-constrained\" style=\"margin-top:0;margin-bottom:0;padding-top:var(--wp--preset--spacing--20);padding-right:var(--wp--preset--spacing--40);padding-bottom:var(--wp--preset--spacing--20);padding-left:var(--wp--preset--spacing--40)\">\n<div class=\"wp-block-group alignfull animated fadeIn has-background has-global-padding is-layout-constrained wp-container-core-group-is-layout-5 wp-block-group-is-layout-constrained\" style=\"background-color:#5318661a;margin-top:0;margin-bottom:0;padding-top:var(--wp--preset--spacing--40);padding-right:var(--wp--preset--spacing--50);padding-bottom:var(--wp--preset--spacing--40);padding-left:var(--wp--preset--spacing--50)\">\n<div class=\"wp-block-columns alignwide are-vertically-aligned-center is-layout-flex wp-container-core-columns-is-layout-6 wp-block-columns-is-layout-flex\">\n<div class=\"wp-block-column is-vertically-aligned-center is-layout-flow wp-block-column-is-layout-flow\" style=\"flex-basis:50%\">\n<figure class=\"wp-block-image aligncenter size-full is-resized is-style-rounded is-style-rounded--7900654cf03f2b529707a9b8c5d2e1f6\"><img loading=\"lazy\" decoding=\"async\" width=\"1000\" height=\"1000\" src=\"https:\/\/doula-lilaluna.ch\/wp-content\/uploads\/2024\/08\/nicole-web.jpg\" alt=\"\" class=\"wp-image-85\" style=\"aspect-ratio:1;object-fit:cover;width:500px\" srcset=\"https:\/\/doula-lilaluna.ch\/wp-content\/uploads\/2024\/08\/nicole-web.jpg 1000w, https:\/\/doula-lilaluna.ch\/wp-content\/uploads\/2024\/08\/nicole-web-300x300.jpg 300w, https:\/\/doula-lilaluna.ch\/wp-content\/uploads\/2024\/08\/nicole-web-150x150.jpg 150w, https:\/\/doula-lilaluna.ch\/wp-content\/uploads\/2024\/08\/nicole-web-768x768.jpg 768w\" sizes=\"(max-width: 1000px) 100vw, 1000px\" \/><\/figure>\n<\/div>\n\n\n\n<div class=\"wp-block-column is-vertically-aligned-center is-layout-flow wp-block-column-is-layout-flow\" style=\"flex-basis:50%\">\n<h2 class=\"wp-block-heading is-style-default has-poppins-font-family\" style=\"font-style:normal;font-weight:300\">Melde dich bei mir f\u00fcr ein Gespr\u00e4ch<\/h2>\n\n\n\n<p>Ich begleite Dich an dem von dir gew\u00fcnschten Geburtsort (zu Hause, im Spital oder Geburtshaus), in den Kantonen SO, BE, AG, LU, BL, BS (auf Anfrage auch in anderen Regionen)<\/p>\n\n\n\n<div id=\"wp-block-themeisle-blocks-button-group-542ca7bb\" class=\"wp-block-themeisle-blocks-button-group wp-block-buttons\">\n<div id=\"wp-block-themeisle-blocks-button-53bb89e1\" class=\"wp-block-themeisle-blocks-button wp-block-button\"><a href=\"https:\/\/doula-lilaluna.ch\/index.php\/kontakt\/\" target=\"_self\" rel=\"noopener noreferrer\" class=\"wp-block-button__link\"><span>Zum Kontakt<\/span><\/a><\/div>\n\n\n\n<div id=\"wp-block-themeisle-blocks-button-10e772a2\" class=\"wp-block-themeisle-blocks-button wp-block-button\"><a href=\"https:\/\/doula-lilaluna.ch\/index.php\/ueber-mich\/\" target=\"_self\" rel=\"noopener noreferrer\" class=\"wp-block-button__link\"><span>\u00dcber mich<\/span><\/a><\/div>\n<\/div>\n<\/div>\n<\/div>\n<\/div>\n<\/div>\n\n\n\n<p><\/p>\n","protected":false},"excerpt":{"rendered":"<p>\u00abEs muss von Herzen kommen, was auf Herzen wirken soll.\u00bb 1986 kam ich als Erstgeborene mit dem Namen Nicole zur Welt. Heute bin ich mit ganzem Herzen Doula, med. Praxisassistentin und Mama von 3 wundervollen Kindern (Julian 2016, Zwillinge Tarja&amp;Laurin 2018). Mein Herz ist offen, ich begegne Menschen mit Respekt, empathisch und mit positiven Gedanken. [&hellip;]<\/p>\n","protected":false},"author":1,"featured_media":0,"parent":0,"menu_order":0,"comment_status":"closed","ping_status":"closed","template":"","meta":{"_themeisle_gutenberg_block_has_review":false,"footnotes":""},"class_list":["post-151","page","type-page","status-publish","hentry"],"yoast_head":"<!-- This site is optimized with the Yoast SEO plugin v25.6 - https:\/\/yoast.com\/wordpress\/plugins\/seo\/ -->\n<title>\u00dcber mich - Doula Lilaluna<\/title>\n<meta name=\"robots\" content=\"index, follow, max-snippet:-1, max-image-preview:large, max-video-preview:-1\" \/>\n<link rel=\"canonical\" href=\"https:\/\/doula-lilaluna.ch\/index.php\/ueber-mich\/\" \/>\n<meta property=\"og:locale\" content=\"de_DE\" \/>\n<meta property=\"og:type\" content=\"article\" \/>\n<meta property=\"og:title\" content=\"\u00dcber mich - Doula Lilaluna\" \/>\n<meta property=\"og:description\" content=\"\u00abEs muss von Herzen kommen, was auf Herzen wirken soll.\u00bb 1986 kam ich als Erstgeborene mit dem Namen Nicole zur Welt. Heute bin ich mit ganzem Herzen Doula, med. Praxisassistentin und Mama von 3 wundervollen Kindern (Julian 2016, Zwillinge Tarja&amp;Laurin 2018). Mein Herz ist offen, ich begegne Menschen mit Respekt, empathisch und mit positiven Gedanken. [&hellip;]\" \/>\n<meta property=\"og:url\" content=\"https:\/\/doula-lilaluna.ch\/index.php\/ueber-mich\/\" \/>\n<meta property=\"og:site_name\" content=\"Doula Lilaluna\" \/>\n<meta property=\"article:modified_time\" content=\"2026-03-20T14:35:15+00:00\" \/>\n<meta property=\"og:image\" content=\"https:\/\/doula-lilaluna.ch\/wp-content\/uploads\/2024\/09\/lilaluna-elemente_5.png\" \/>\n\t<meta property=\"og:image:width\" content=\"8334\" \/>\n\t<meta property=\"og:image:height\" content=\"5069\" \/>\n\t<meta property=\"og:image:type\" content=\"image\/png\" \/>\n<meta name=\"twitter:card\" content=\"summary_large_image\" \/>\n<meta name=\"twitter:label1\" content=\"Gesch\u00e4tzte Lesezeit\" \/>\n\t<meta name=\"twitter:data1\" content=\"3\u00a0Minuten\" \/>\n<script type=\"application\/ld+json\" class=\"yoast-schema-graph\">{\"@context\":\"https:\/\/schema.org\",\"@graph\":[{\"@type\":\"WebPage\",\"@id\":\"https:\/\/doula-lilaluna.ch\/index.php\/ueber-mich\/\",\"url\":\"https:\/\/doula-lilaluna.ch\/index.php\/ueber-mich\/\",\"name\":\"\u00dcber mich - Doula Lilaluna\",\"isPartOf\":{\"@id\":\"https:\/\/doula-lilaluna.ch\/#website\"},\"primaryImageOfPage\":{\"@id\":\"https:\/\/doula-lilaluna.ch\/index.php\/ueber-mich\/#primaryimage\"},\"image\":{\"@id\":\"https:\/\/doula-lilaluna.ch\/index.php\/ueber-mich\/#primaryimage\"},\"thumbnailUrl\":\"https:\/\/doula-lilaluna.ch\/wp-content\/uploads\/2024\/09\/lilaluna-elemente_5-1024x623.png\",\"datePublished\":\"2024-09-23T15:58:25+00:00\",\"dateModified\":\"2026-03-20T14:35:15+00:00\",\"breadcrumb\":{\"@id\":\"https:\/\/doula-lilaluna.ch\/index.php\/ueber-mich\/#breadcrumb\"},\"inLanguage\":\"de\",\"potentialAction\":[{\"@type\":\"ReadAction\",\"target\":[\"https:\/\/doula-lilaluna.ch\/index.php\/ueber-mich\/\"]}]},{\"@type\":\"ImageObject\",\"inLanguage\":\"de\",\"@id\":\"https:\/\/doula-lilaluna.ch\/index.php\/ueber-mich\/#primaryimage\",\"url\":\"https:\/\/doula-lilaluna.ch\/wp-content\/uploads\/2024\/09\/lilaluna-elemente_5.png\",\"contentUrl\":\"https:\/\/doula-lilaluna.ch\/wp-content\/uploads\/2024\/09\/lilaluna-elemente_5.png\",\"width\":8334,\"height\":5069},{\"@type\":\"BreadcrumbList\",\"@id\":\"https:\/\/doula-lilaluna.ch\/index.php\/ueber-mich\/#breadcrumb\",\"itemListElement\":[{\"@type\":\"ListItem\",\"position\":1,\"name\":\"Startseite\",\"item\":\"https:\/\/doula-lilaluna.ch\/\"},{\"@type\":\"ListItem\",\"position\":2,\"name\":\"\u00dcber mich\"}]},{\"@type\":\"WebSite\",\"@id\":\"https:\/\/doula-lilaluna.ch\/#website\",\"url\":\"https:\/\/doula-lilaluna.ch\/\",\"name\":\"Doula Lilaluna\",\"description\":\"\",\"publisher\":{\"@id\":\"https:\/\/doula-lilaluna.ch\/#\/schema\/person\/eb51abeee0f75899d8fa3b8374fb01df\"},\"potentialAction\":[{\"@type\":\"SearchAction\",\"target\":{\"@type\":\"EntryPoint\",\"urlTemplate\":\"https:\/\/doula-lilaluna.ch\/?s={search_term_string}\"},\"query-input\":{\"@type\":\"PropertyValueSpecification\",\"valueRequired\":true,\"valueName\":\"search_term_string\"}}],\"inLanguage\":\"de\"},{\"@type\":[\"Person\",\"Organization\"],\"@id\":\"https:\/\/doula-lilaluna.ch\/#\/schema\/person\/eb51abeee0f75899d8fa3b8374fb01df\",\"name\":\"admin\",\"image\":{\"@type\":\"ImageObject\",\"inLanguage\":\"de\",\"@id\":\"https:\/\/doula-lilaluna.ch\/#\/schema\/person\/image\/\",\"url\":\"https:\/\/doula-lilaluna.ch\/wp-content\/uploads\/2024\/08\/LilaLuna_RGB.png\",\"contentUrl\":\"https:\/\/doula-lilaluna.ch\/wp-content\/uploads\/2024\/08\/LilaLuna_RGB.png\",\"width\":6615,\"height\":4583,\"caption\":\"admin\"},\"logo\":{\"@id\":\"https:\/\/doula-lilaluna.ch\/#\/schema\/person\/image\/\"},\"sameAs\":[\"https:\/\/doula-lilaluna.ch\",\"https:\/\/www.instagram.com\/doulalilaluna\"]}]}<\/script>\n<!-- \/ Yoast SEO plugin. -->","yoast_head_json":{"title":"\u00dcber mich - Doula Lilaluna","robots":{"index":"index","follow":"follow","max-snippet":"max-snippet:-1","max-image-preview":"max-image-preview:large","max-video-preview":"max-video-preview:-1"},"canonical":"https:\/\/doula-lilaluna.ch\/index.php\/ueber-mich\/","og_locale":"de_DE","og_type":"article","og_title":"\u00dcber mich - Doula Lilaluna","og_description":"\u00abEs muss von Herzen kommen, was auf Herzen wirken soll.\u00bb 1986 kam ich als Erstgeborene mit dem Namen Nicole zur Welt. Heute bin ich mit ganzem Herzen Doula, med. Praxisassistentin und Mama von 3 wundervollen Kindern (Julian 2016, Zwillinge Tarja&amp;Laurin 2018). Mein Herz ist offen, ich begegne Menschen mit Respekt, empathisch und mit positiven Gedanken. [&hellip;]","og_url":"https:\/\/doula-lilaluna.ch\/index.php\/ueber-mich\/","og_site_name":"Doula Lilaluna","article_modified_time":"2026-03-20T14:35:15+00:00","og_image":[{"width":8334,"height":5069,"url":"https:\/\/doula-lilaluna.ch\/wp-content\/uploads\/2024\/09\/lilaluna-elemente_5.png","type":"image\/png"}],"twitter_card":"summary_large_image","twitter_misc":{"Gesch\u00e4tzte Lesezeit":"3\u00a0Minuten"},"schema":{"@context":"https:\/\/schema.org","@graph":[{"@type":"WebPage","@id":"https:\/\/doula-lilaluna.ch\/index.php\/ueber-mich\/","url":"https:\/\/doula-lilaluna.ch\/index.php\/ueber-mich\/","name":"\u00dcber mich - Doula Lilaluna","isPartOf":{"@id":"https:\/\/doula-lilaluna.ch\/#website"},"primaryImageOfPage":{"@id":"https:\/\/doula-lilaluna.ch\/index.php\/ueber-mich\/#primaryimage"},"image":{"@id":"https:\/\/doula-lilaluna.ch\/index.php\/ueber-mich\/#primaryimage"},"thumbnailUrl":"https:\/\/doula-lilaluna.ch\/wp-content\/uploads\/2024\/09\/lilaluna-elemente_5-1024x623.png","datePublished":"2024-09-23T15:58:25+00:00","dateModified":"2026-03-20T14:35:15+00:00","breadcrumb":{"@id":"https:\/\/doula-lilaluna.ch\/index.php\/ueber-mich\/#breadcrumb"},"inLanguage":"de","potentialAction":[{"@type":"ReadAction","target":["https:\/\/doula-lilaluna.ch\/index.php\/ueber-mich\/"]}]},{"@type":"ImageObject","inLanguage":"de","@id":"https:\/\/doula-lilaluna.ch\/index.php\/ueber-mich\/#primaryimage","url":"https:\/\/doula-lilaluna.ch\/wp-content\/uploads\/2024\/09\/lilaluna-elemente_5.png","contentUrl":"https:\/\/doula-lilaluna.ch\/wp-content\/uploads\/2024\/09\/lilaluna-elemente_5.png","width":8334,"height":5069},{"@type":"BreadcrumbList","@id":"https:\/\/doula-lilaluna.ch\/index.php\/ueber-mich\/#breadcrumb","itemListElement":[{"@type":"ListItem","position":1,"name":"Startseite","item":"https:\/\/doula-lilaluna.ch\/"},{"@type":"ListItem","position":2,"name":"\u00dcber mich"}]},{"@type":"WebSite","@id":"https:\/\/doula-lilaluna.ch\/#website","url":"https:\/\/doula-lilaluna.ch\/","name":"Doula Lilaluna","description":"","publisher":{"@id":"https:\/\/doula-lilaluna.ch\/#\/schema\/person\/eb51abeee0f75899d8fa3b8374fb01df"},"potentialAction":[{"@type":"SearchAction","target":{"@type":"EntryPoint","urlTemplate":"https:\/\/doula-lilaluna.ch\/?s={search_term_string}"},"query-input":{"@type":"PropertyValueSpecification","valueRequired":true,"valueName":"search_term_string"}}],"inLanguage":"de"},{"@type":["Person","Organization"],"@id":"https:\/\/doula-lilaluna.ch\/#\/schema\/person\/eb51abeee0f75899d8fa3b8374fb01df","name":"admin","image":{"@type":"ImageObject","inLanguage":"de","@id":"https:\/\/doula-lilaluna.ch\/#\/schema\/person\/image\/","url":"https:\/\/doula-lilaluna.ch\/wp-content\/uploads\/2024\/08\/LilaLuna_RGB.png","contentUrl":"https:\/\/doula-lilaluna.ch\/wp-content\/uploads\/2024\/08\/LilaLuna_RGB.png","width":6615,"height":4583,"caption":"admin"},"logo":{"@id":"https:\/\/doula-lilaluna.ch\/#\/schema\/person\/image\/"},"sameAs":["https:\/\/doula-lilaluna.ch","https:\/\/www.instagram.com\/doulalilaluna"]}]}},"_links":{"self":[{"href":"https:\/\/doula-lilaluna.ch\/index.php\/wp-json\/wp\/v2\/pages\/151"}],"collection":[{"href":"https:\/\/doula-lilaluna.ch\/index.php\/wp-json\/wp\/v2\/pages"}],"about":[{"href":"https:\/\/doula-lilaluna.ch\/index.php\/wp-json\/wp\/v2\/types\/page"}],"author":[{"embeddable":true,"href":"https:\/\/doula-lilaluna.ch\/index.php\/wp-json\/wp\/v2\/users\/1"}],"replies":[{"embeddable":true,"href":"https:\/\/doula-lilaluna.ch\/index.php\/wp-json\/wp\/v2\/comments?post=151"}],"version-history":[{"count":14,"href":"https:\/\/doula-lilaluna.ch\/index.php\/wp-json\/wp\/v2\/pages\/151\/revisions"}],"predecessor-version":[{"id":354,"href":"https:\/\/doula-lilaluna.ch\/index.php\/wp-json\/wp\/v2\/pages\/151\/revisions\/354"}],"wp:attachment":[{"href":"https:\/\/doula-lilaluna.ch\/index.php\/wp-json\/wp\/v2\/media?parent=151"}],"curies":[{"name":"wp","href":"https:\/\/api.w.org\/{rel}","templated":true}]}}