{"id":253,"date":"2024-10-13T17:22:16","date_gmt":"2024-10-13T17:22:16","guid":{"rendered":"https:\/\/doula-lilaluna.ch\/?page_id=253"},"modified":"2024-12-07T09:35:17","modified_gmt":"2024-12-07T09:35:17","slug":"kontakt","status":"publish","type":"page","link":"https:\/\/doula-lilaluna.ch\/index.php\/kontakt\/","title":{"rendered":"Kontakt"},"content":{"rendered":"\n<div class=\"wp-block-group alignfull has-background has-global-padding is-layout-constrained wp-container-core-group-is-layout-1 wp-block-group-is-layout-constrained\" style=\"background-color:#b89a141a;margin-top:0;margin-bottom:0;padding-top:var(--wp--preset--spacing--50);padding-right:var(--wp--preset--spacing--50);padding-bottom:var(--wp--preset--spacing--50);padding-left:var(--wp--preset--spacing--50)\">\n<div class=\"wp-block-columns is-layout-flex wp-container-core-columns-is-layout-1 wp-block-columns-is-layout-flex\" style=\"padding-top:0;padding-bottom:0\">\n<div class=\"wp-block-column is-layout-flow wp-block-column-is-layout-flow\" style=\"flex-basis:33.33%\">\n<figure class=\"wp-block-image aligncenter size-large is-resized\"><img loading=\"lazy\" decoding=\"async\" width=\"1024\" height=\"623\" src=\"https:\/\/doula-lilaluna.ch\/wp-content\/uploads\/2024\/09\/lilaluna-elemente_5-1024x623.png\" alt=\"\" class=\"wp-image-66\" style=\"width:281px\" srcset=\"https:\/\/doula-lilaluna.ch\/wp-content\/uploads\/2024\/09\/lilaluna-elemente_5-1024x623.png 1024w, https:\/\/doula-lilaluna.ch\/wp-content\/uploads\/2024\/09\/lilaluna-elemente_5-300x182.png 300w, https:\/\/doula-lilaluna.ch\/wp-content\/uploads\/2024\/09\/lilaluna-elemente_5-768x467.png 768w, https:\/\/doula-lilaluna.ch\/wp-content\/uploads\/2024\/09\/lilaluna-elemente_5-1536x934.png 1536w, https:\/\/doula-lilaluna.ch\/wp-content\/uploads\/2024\/09\/lilaluna-elemente_5-2048x1246.png 2048w\" sizes=\"(max-width: 1024px) 100vw, 1024px\" \/><\/figure>\n<\/div>\n\n\n\n<div class=\"wp-block-column is-vertically-aligned-center is-layout-flow wp-block-column-is-layout-flow\" style=\"flex-basis:66.66%\">\n<h2 class=\"wp-block-heading has-custom-color-2-color has-text-color has-link-color has-poppins-font-family has-large-font-size wp-elements-07666b52681dd9860f284918203c1888\" style=\"font-style:normal;font-weight:300\">\u00abSch\u00f6n, dass du da bist \u2013 ich freue mich darauf, von dir zu h\u00f6ren!\u00bb<\/h2>\n<\/div>\n<\/div>\n<\/div>\n\n\n\n<div class=\"wp-block-group alignfull has-global-padding is-layout-constrained wp-container-core-group-is-layout-3 wp-block-group-is-layout-constrained\" style=\"margin-top:0;margin-bottom:0;padding-top:var(--wp--preset--spacing--40);padding-right:var(--wp--preset--spacing--30);padding-bottom:var(--wp--preset--spacing--40);padding-left:var(--wp--preset--spacing--30)\">\n<div class=\"wp-block-group has-global-padding is-layout-constrained wp-block-group-is-layout-constrained\">\n<div class=\"wp-block-columns is-layout-flex wp-container-core-columns-is-layout-2 wp-block-columns-is-layout-flex\">\n<div class=\"wp-block-column is-vertically-aligned-bottom is-layout-flow wp-block-column-is-layout-flow\" style=\"flex-basis:33.33%\">\n<figure class=\"wp-block-image aligncenter size-large is-resized is-style-default\"><img loading=\"lazy\" decoding=\"async\" width=\"1024\" height=\"640\" src=\"https:\/\/doula-lilaluna.ch\/wp-content\/uploads\/2024\/09\/lilaluna-elemente_2-1024x640.png\" alt=\"\" class=\"wp-image-63\" style=\"width:200px\" srcset=\"https:\/\/doula-lilaluna.ch\/wp-content\/uploads\/2024\/09\/lilaluna-elemente_2-1024x640.png 1024w, https:\/\/doula-lilaluna.ch\/wp-content\/uploads\/2024\/09\/lilaluna-elemente_2-300x188.png 300w, https:\/\/doula-lilaluna.ch\/wp-content\/uploads\/2024\/09\/lilaluna-elemente_2-768x480.png 768w, https:\/\/doula-lilaluna.ch\/wp-content\/uploads\/2024\/09\/lilaluna-elemente_2-1536x960.png 1536w, https:\/\/doula-lilaluna.ch\/wp-content\/uploads\/2024\/09\/lilaluna-elemente_2-2048x1280.png 2048w\" sizes=\"(max-width: 1024px) 100vw, 1024px\" \/><\/figure>\n<\/div>\n\n\n\n<div class=\"wp-block-column is-layout-flow wp-block-column-is-layout-flow\" style=\"flex-basis:66.66%\">\n<p class=\"has-poppins-font-family\">Du kannst mich ganz einfach per WhatsApp oder Telefon <strong><a href=\"tel:+41792972254\">+41 79 297 22 54<\/a><\/strong> per E-Mail <strong><a href=\"mailto:info@doula-lilaluna.ch\">info@doula-lilaluna.ch<\/a><\/strong> oder direkt hier \u00fcber das Kontaktformular erreichen. Gemeinsam finden wir sicher die passende Antwort auf deine Fragen und Anliegen \u2013 und nat\u00fcrlich auch einen Termin, der dir gut passt.<\/p>\n\n\n\n<div id=\"wp-block-themeisle-blocks-form-7d9a106b\" class=\"wp-block-themeisle-blocks-form\" data-option-name=\"bf9b28ff82ce323187abc5d0feb0d8f07ecd8436_7d9a106b\"><form class=\"otter-form__container\">\n<div id=\"wp-block-themeisle-blocks-form-input-d0c6ba8d\" class=\"wp-block-themeisle-blocks-form-input\"><label for=\"wp-block-themeisle-blocks-form-input-d0c6ba8d-input\" class=\"otter-form-input-label\"><span class=\"otter-form-input-label__label\">Vor- &#038; Nachname<\/span><span class=\"required\">*<\/span><\/label><input type=\"text\" id=\"wp-block-themeisle-blocks-form-input-d0c6ba8d-input\" required placeholder=\"\" class=\"otter-form-input\"\/><\/div>\n\n\n\n<div id=\"wp-block-themeisle-blocks-form-input-36655fcf\" class=\"wp-block-themeisle-blocks-form-input\"><label for=\"wp-block-themeisle-blocks-form-input-36655fcf-input\" class=\"otter-form-input-label\"><span class=\"otter-form-input-label__label\">E-Mail<\/span><span class=\"required\">*<\/span><\/label><input type=\"email\" id=\"wp-block-themeisle-blocks-form-input-36655fcf-input\" required class=\"otter-form-input\"\/><\/div>\n\n\n\n<div id=\"wp-block-themeisle-blocks-form-input-a2521008\" class=\"wp-block-themeisle-blocks-form-input\"><label for=\"wp-block-themeisle-blocks-form-input-a2521008-input\" class=\"otter-form-input-label\"><span class=\"otter-form-input-label__label\">Telefon<\/span><span class=\"required\">*<\/span><\/label><input type=\"text\" id=\"wp-block-themeisle-blocks-form-input-a2521008-input\" required class=\"otter-form-input\"\/><\/div>\n\n\n<div class=\"protection\" aria-hidden=\"true\"><input type=\"hidden\" id=\"wp-block-themeisle-blocks-form-7d9a106b_nonce_field\" name=\"wp-block-themeisle-blocks-form-7d9a106b_nonce_field\" value=\"51f52f7f0c\" \/><input type=\"hidden\" name=\"_wp_http_referer\" value=\"\/index.php\/wp-json\/wp\/v2\/pages\/253\" \/><input class=\"o-anti-bot\" type=\"checkbox\"><\/div>\n\n\n<div id=\"wp-block-themeisle-blocks-form-textarea-aaad7717\" class=\"wp-block-themeisle-blocks-form-textarea\"><label for=\"wp-block-themeisle-blocks-form-textarea-aaad7717-input\" class=\"otter-form-textarea-label\"><span class=\"otter-form-textarea-label__label\">Nachricht<\/span><\/label><textarea id=\"wp-block-themeisle-blocks-form-textarea-aaad7717-input\" rows=\"10\" class=\"otter-form-textarea-input\"><\/textarea><\/div>\n\n\n\n<p class=\"has-poppins-font-family has-extra-small-font-size\">Mit dem Absenden dieses Formulars erkl\u00e4rst du dich damit einverstanden, von mir per E-Mail kontaktiert zu werden, und nimmst zur Kenntnis, dass deine Kontaktdaten bei mir gespeichert werden.<\/p>\n<div class=\"wp-block-button left\"><button class=\"wp-block-button__link\" type=\"submit\">Absenden<\/button><\/div><\/form><\/div>\n<\/div>\n<\/div>\n<\/div>\n<\/div>\n\n\n\n<div class=\"wp-block-group alignfull has-global-padding is-layout-constrained wp-container-core-group-is-layout-6 wp-block-group-is-layout-constrained\" style=\"margin-top:0;margin-bottom:0;padding-top:var(--wp--preset--spacing--20);padding-right:var(--wp--preset--spacing--40);padding-bottom:var(--wp--preset--spacing--20);padding-left:var(--wp--preset--spacing--40)\">\n<div class=\"wp-block-group alignfull animated fadeIn has-background has-global-padding is-layout-constrained wp-container-core-group-is-layout-4 wp-block-group-is-layout-constrained\" style=\"background-color:#5318661a;margin-top:0;margin-bottom:0;padding-top:var(--wp--preset--spacing--40);padding-right:var(--wp--preset--spacing--50);padding-bottom:var(--wp--preset--spacing--40);padding-left:var(--wp--preset--spacing--50)\">\n<h2 class=\"wp-block-heading has-text-align-center has-poppins-font-family has-x-large-font-size\" style=\"font-style:normal;font-weight:300\">Empfehlungen<\/h2>\n\n\n\n<p class=\"has-text-align-center has-poppins-font-family\">Mit Liebe ausgew\u00e4hlte B\u00fccher Links und pers\u00f6nliche Empfehlungen rund um die Themen Schwangerschaft, Geburt und Wochenbett \u2013 alles, was dir in dieser besonderen Zeit zur Seite stehen kann.<\/p>\n\n\n\n<div class=\"wp-block-columns is-layout-flex wp-container-core-columns-is-layout-3 wp-block-columns-is-layout-flex\">\n<div class=\"wp-block-column is-layout-flow wp-block-column-is-layout-flow\">\n<h4 class=\"wp-block-heading has-text-align-left has-poppins-font-family\">Links<\/h4>\n\n\n\n<p><a href=\"https:\/\/www.doula-ausbildung.ch\" target=\"_blank\" rel=\"noreferrer noopener\">Doula Ausbildung Schweiz<\/a><br><a href=\"https:\/\/www.kindsverlust.ch\/\" target=\"_blank\" rel=\"noreferrer noopener\">Fachstelle Kindsverlust<\/a><br><a href=\"https:\/\/nachhaltige-geburt.ch\/\" target=\"_blank\" rel=\"noreferrer noopener\">IG nachhaltige Geburtshilfe<\/a><br><a href=\"https:\/\/postpartale-depression.ch\/de\/\" target=\"_blank\" rel=\"noreferrer noopener\">Postpartale Depression Schweiz<\/a><\/p>\n<\/div>\n\n\n\n<div class=\"wp-block-column is-layout-flow wp-block-column-is-layout-flow\">\n<h4 class=\"wp-block-heading has-poppins-font-family\">Medien<\/h4>\n\n\n\n<p class=\"has-poppins-font-family\"><strong>Filme<\/strong><br><a href=\"https:\/\/vimeo.com\/222496353\" target=\"_blank\" rel=\"noreferrer noopener\">Der t\u00e4gliche Beweis f\u00fcr Grossartigkeit by Kreidler &amp; Gadze<\/a><br><a href=\"https:\/\/www.youtube.com\/watch?v=j7g6WP4uqFM&amp;feature=youtu.be\" target=\"_blank\" rel=\"noreferrer noopener\">Doula Geburtsbegleitung Schweiz<\/a><br><a href=\"https:\/\/www.srf.ch\/play\/tv\/puls\/video\/geburt-unter-selbsthypnose?urn=urn:srf:video:611b96b5-dd27-448f-a539-26ccae8c687b\" target=\"_blank\" rel=\"noreferrer noopener\">Geburt unter Selbsthypnose<\/a><br><a href=\"https:\/\/femmal.com\/?gclid=EAIaIQobChMI-5KBuvqP-gIVB-N3Ch3XfQVzEAAYASAAEgJPBPD_BwE\">Die sichere Geburt<\/a><br><br><strong>Podcast<\/strong><br><a href=\"https:\/\/hebammensalon.de\/\" target=\"_blank\" rel=\"noreferrer noopener\">\u00abHebammensalon &#8211; der Podcast\u00bb<\/a><br><a href=\"https:\/\/die-friedliche-geburt.de\/hypnobirthing-podcast\/\" target=\"_blank\" rel=\"noreferrer noopener\">\u00abDie friedliche Geburt\u00bb<\/a><br><a href=\"https:\/\/www.herzanherz.ch\/podcast\/\" target=\"_blank\" rel=\"noreferrer noopener\">\u00abHand ufs Herz\u00bb<\/a><a href=\"https:\/\/open.spotify.com\/show\/5Igl3aD592myk3sf3GIWdL\">\u00abDer Geburtspodcast\u00bb<\/a><\/p>\n<\/div>\n\n\n\n<div class=\"wp-block-column is-layout-flow wp-block-column-is-layout-flow\">\n<h4 class=\"wp-block-heading has-poppins-font-family\">Empfehlungen<\/h4>\n\n\n\n<p class=\"has-poppins-font-family\"><strong>Doula<\/strong><br><a href=\"https:\/\/www.haerzenssach-doula.ch\" target=\"_blank\" rel=\"noreferrer noopener\">Desi Fehlmann, H\u00e4rzenssach Doula, Dulliken<\/a><br><br><strong>Mentale Geburtsvorbereitung &amp; Hypnose&nbsp;<\/strong> <br><a href=\"https:\/\/stephanieborner.coach\" target=\"_blank\" rel=\"noreferrer noopener\">Stephanie Borner Mental Coaching<\/a><\/p>\n<\/div>\n<\/div>\n<\/div>\n\n\n\n<div class=\"wp-block-group alignfull animated fadeIn has-base-2-background-color has-background has-global-padding is-layout-constrained wp-container-core-group-is-layout-5 wp-block-group-is-layout-constrained\" style=\"margin-top:0;margin-bottom:0;padding-top:var(--wp--preset--spacing--40);padding-right:var(--wp--preset--spacing--50);padding-bottom:var(--wp--preset--spacing--40);padding-left:var(--wp--preset--spacing--50)\">\n<h2 class=\"wp-block-heading has-text-align-center has-poppins-font-family has-x-large-font-size\" style=\"font-style:normal;font-weight:300\">Mitgliedschaften<\/h2>\n\n\n\n<div class=\"wp-block-columns is-layout-flex wp-container-core-columns-is-layout-4 wp-block-columns-is-layout-flex\">\n<div class=\"wp-block-column is-vertically-aligned-center is-layout-flow wp-block-column-is-layout-flow\">\n<figure class=\"wp-block-image aligncenter size-full is-resized\"><a href=\"https:\/\/www.doula.ch\" target=\"_blank\" rel=\"noreferrer noopener\"><img loading=\"lazy\" decoding=\"async\" width=\"994\" height=\"315\" src=\"https:\/\/doula-lilaluna.ch\/wp-content\/uploads\/2024\/10\/Logo_doula_verband.jpg\" alt=\"\" class=\"wp-image-306\" style=\"width:auto;height:110px\" srcset=\"https:\/\/doula-lilaluna.ch\/wp-content\/uploads\/2024\/10\/Logo_doula_verband.jpg 994w, https:\/\/doula-lilaluna.ch\/wp-content\/uploads\/2024\/10\/Logo_doula_verband-300x95.jpg 300w, https:\/\/doula-lilaluna.ch\/wp-content\/uploads\/2024\/10\/Logo_doula_verband-768x243.jpg 768w\" sizes=\"(max-width: 994px) 100vw, 994px\" \/><\/a><\/figure>\n<\/div>\n\n\n\n<div class=\"wp-block-column is-layout-flow wp-block-column-is-layout-flow\">\n<figure class=\"wp-block-image aligncenter size-full is-resized\"><a href=\"https:\/\/www.haerzenswaerk-olten.ch\" target=\"_blank\" rel=\"noreferrer noopener\"><img loading=\"lazy\" decoding=\"async\" width=\"250\" height=\"250\" src=\"https:\/\/doula-lilaluna.ch\/wp-content\/uploads\/2024\/10\/Logo-transparent.png.webp\" alt=\"\" class=\"wp-image-264\" style=\"width:auto;height:150px\" srcset=\"https:\/\/doula-lilaluna.ch\/wp-content\/uploads\/2024\/10\/Logo-transparent.png.webp 250w, https:\/\/doula-lilaluna.ch\/wp-content\/uploads\/2024\/10\/Logo-transparent.png-150x150.webp 150w\" sizes=\"(max-width: 250px) 100vw, 250px\" \/><\/a><\/figure>\n<\/div>\n\n\n\n<div class=\"wp-block-column is-vertically-aligned-center is-layout-flow wp-block-column-is-layout-flow\">\n<figure class=\"wp-block-image aligncenter size-full is-resized\"><a href=\"https:\/\/www.doula-netzwerk.ch\" target=\"_blank\" rel=\"noreferrer noopener\"><img loading=\"lazy\" decoding=\"async\" width=\"466\" height=\"228\" src=\"https:\/\/doula-lilaluna.ch\/wp-content\/uploads\/2024\/10\/LogoDoulaNetzwerkSchweiz.png\" alt=\"\" class=\"wp-image-265\" style=\"width:auto;height:150px\" srcset=\"https:\/\/doula-lilaluna.ch\/wp-content\/uploads\/2024\/10\/LogoDoulaNetzwerkSchweiz.png 466w, https:\/\/doula-lilaluna.ch\/wp-content\/uploads\/2024\/10\/LogoDoulaNetzwerkSchweiz-300x147.png 300w\" sizes=\"(max-width: 466px) 100vw, 466px\" \/><\/a><\/figure>\n<\/div>\n<\/div>\n\n\n\n<div style=\"height:15px\" aria-hidden=\"true\" class=\"wp-block-spacer\"><\/div>\n<\/div>\n\n\n\n<div style=\"height:0px\" aria-hidden=\"true\" class=\"wp-block-spacer\"><\/div>\n<\/div>\n","protected":false},"excerpt":{"rendered":"<p>\u00abSch\u00f6n, dass du da bist \u2013 ich freue mich darauf, von dir zu h\u00f6ren!\u00bb Du kannst mich ganz einfach per WhatsApp oder Telefon +41 79 297 22 54 per E-Mail info@doula-lilaluna.ch oder direkt hier \u00fcber das Kontaktformular erreichen. Gemeinsam finden wir sicher die passende Antwort auf deine Fragen und Anliegen \u2013 und nat\u00fcrlich auch einen [&hellip;]<\/p>\n","protected":false},"author":1,"featured_media":0,"parent":0,"menu_order":0,"comment_status":"closed","ping_status":"closed","template":"","meta":{"_themeisle_gutenberg_block_has_review":false,"footnotes":""},"class_list":["post-253","page","type-page","status-publish","hentry"],"yoast_head":"<!-- This site is optimized with the Yoast SEO plugin v25.6 - https:\/\/yoast.com\/wordpress\/plugins\/seo\/ -->\n<title>Kontakt - Doula Lilaluna<\/title>\n<meta name=\"robots\" content=\"index, follow, max-snippet:-1, max-image-preview:large, max-video-preview:-1\" \/>\n<link rel=\"canonical\" href=\"https:\/\/doula-lilaluna.ch\/index.php\/kontakt\/\" \/>\n<meta property=\"og:locale\" content=\"de_DE\" \/>\n<meta property=\"og:type\" content=\"article\" \/>\n<meta property=\"og:title\" content=\"Kontakt - Doula Lilaluna\" \/>\n<meta property=\"og:description\" content=\"\u00abSch\u00f6n, dass du da bist \u2013 ich freue mich darauf, von dir zu h\u00f6ren!\u00bb Du kannst mich ganz einfach per WhatsApp oder Telefon +41 79 297 22 54 per E-Mail info@doula-lilaluna.ch oder direkt hier \u00fcber das Kontaktformular erreichen. Gemeinsam finden wir sicher die passende Antwort auf deine Fragen und Anliegen \u2013 und nat\u00fcrlich auch einen [&hellip;]\" \/>\n<meta property=\"og:url\" content=\"https:\/\/doula-lilaluna.ch\/index.php\/kontakt\/\" \/>\n<meta property=\"og:site_name\" content=\"Doula Lilaluna\" \/>\n<meta property=\"article:modified_time\" content=\"2024-12-07T09:35:17+00:00\" \/>\n<meta property=\"og:image\" content=\"https:\/\/doula-lilaluna.ch\/wp-content\/uploads\/2024\/09\/lilaluna-elemente_5.png\" \/>\n\t<meta property=\"og:image:width\" content=\"8334\" \/>\n\t<meta property=\"og:image:height\" content=\"5069\" \/>\n\t<meta property=\"og:image:type\" content=\"image\/png\" \/>\n<meta name=\"twitter:card\" content=\"summary_large_image\" \/>\n<meta name=\"twitter:label1\" content=\"Gesch\u00e4tzte Lesezeit\" \/>\n\t<meta name=\"twitter:data1\" content=\"3\u00a0Minuten\" \/>\n<script type=\"application\/ld+json\" class=\"yoast-schema-graph\">{\"@context\":\"https:\/\/schema.org\",\"@graph\":[{\"@type\":\"WebPage\",\"@id\":\"https:\/\/doula-lilaluna.ch\/index.php\/kontakt\/\",\"url\":\"https:\/\/doula-lilaluna.ch\/index.php\/kontakt\/\",\"name\":\"Kontakt - Doula Lilaluna\",\"isPartOf\":{\"@id\":\"https:\/\/doula-lilaluna.ch\/#website\"},\"primaryImageOfPage\":{\"@id\":\"https:\/\/doula-lilaluna.ch\/index.php\/kontakt\/#primaryimage\"},\"image\":{\"@id\":\"https:\/\/doula-lilaluna.ch\/index.php\/kontakt\/#primaryimage\"},\"thumbnailUrl\":\"https:\/\/doula-lilaluna.ch\/wp-content\/uploads\/2024\/09\/lilaluna-elemente_5-1024x623.png\",\"datePublished\":\"2024-10-13T17:22:16+00:00\",\"dateModified\":\"2024-12-07T09:35:17+00:00\",\"breadcrumb\":{\"@id\":\"https:\/\/doula-lilaluna.ch\/index.php\/kontakt\/#breadcrumb\"},\"inLanguage\":\"de\",\"potentialAction\":[{\"@type\":\"ReadAction\",\"target\":[\"https:\/\/doula-lilaluna.ch\/index.php\/kontakt\/\"]}]},{\"@type\":\"ImageObject\",\"inLanguage\":\"de\",\"@id\":\"https:\/\/doula-lilaluna.ch\/index.php\/kontakt\/#primaryimage\",\"url\":\"https:\/\/doula-lilaluna.ch\/wp-content\/uploads\/2024\/09\/lilaluna-elemente_5.png\",\"contentUrl\":\"https:\/\/doula-lilaluna.ch\/wp-content\/uploads\/2024\/09\/lilaluna-elemente_5.png\",\"width\":8334,\"height\":5069},{\"@type\":\"BreadcrumbList\",\"@id\":\"https:\/\/doula-lilaluna.ch\/index.php\/kontakt\/#breadcrumb\",\"itemListElement\":[{\"@type\":\"ListItem\",\"position\":1,\"name\":\"Startseite\",\"item\":\"https:\/\/doula-lilaluna.ch\/\"},{\"@type\":\"ListItem\",\"position\":2,\"name\":\"Kontakt\"}]},{\"@type\":\"WebSite\",\"@id\":\"https:\/\/doula-lilaluna.ch\/#website\",\"url\":\"https:\/\/doula-lilaluna.ch\/\",\"name\":\"Doula Lilaluna\",\"description\":\"\",\"publisher\":{\"@id\":\"https:\/\/doula-lilaluna.ch\/#\/schema\/person\/eb51abeee0f75899d8fa3b8374fb01df\"},\"potentialAction\":[{\"@type\":\"SearchAction\",\"target\":{\"@type\":\"EntryPoint\",\"urlTemplate\":\"https:\/\/doula-lilaluna.ch\/?s={search_term_string}\"},\"query-input\":{\"@type\":\"PropertyValueSpecification\",\"valueRequired\":true,\"valueName\":\"search_term_string\"}}],\"inLanguage\":\"de\"},{\"@type\":[\"Person\",\"Organization\"],\"@id\":\"https:\/\/doula-lilaluna.ch\/#\/schema\/person\/eb51abeee0f75899d8fa3b8374fb01df\",\"name\":\"admin\",\"image\":{\"@type\":\"ImageObject\",\"inLanguage\":\"de\",\"@id\":\"https:\/\/doula-lilaluna.ch\/#\/schema\/person\/image\/\",\"url\":\"https:\/\/doula-lilaluna.ch\/wp-content\/uploads\/2024\/08\/LilaLuna_RGB.png\",\"contentUrl\":\"https:\/\/doula-lilaluna.ch\/wp-content\/uploads\/2024\/08\/LilaLuna_RGB.png\",\"width\":6615,\"height\":4583,\"caption\":\"admin\"},\"logo\":{\"@id\":\"https:\/\/doula-lilaluna.ch\/#\/schema\/person\/image\/\"},\"sameAs\":[\"https:\/\/doula-lilaluna.ch\",\"https:\/\/www.instagram.com\/doulalilaluna\"]}]}<\/script>\n<!-- \/ Yoast SEO plugin. -->","yoast_head_json":{"title":"Kontakt - Doula Lilaluna","robots":{"index":"index","follow":"follow","max-snippet":"max-snippet:-1","max-image-preview":"max-image-preview:large","max-video-preview":"max-video-preview:-1"},"canonical":"https:\/\/doula-lilaluna.ch\/index.php\/kontakt\/","og_locale":"de_DE","og_type":"article","og_title":"Kontakt - Doula Lilaluna","og_description":"\u00abSch\u00f6n, dass du da bist \u2013 ich freue mich darauf, von dir zu h\u00f6ren!\u00bb Du kannst mich ganz einfach per WhatsApp oder Telefon +41 79 297 22 54 per E-Mail info@doula-lilaluna.ch oder direkt hier \u00fcber das Kontaktformular erreichen. Gemeinsam finden wir sicher die passende Antwort auf deine Fragen und Anliegen \u2013 und nat\u00fcrlich auch einen [&hellip;]","og_url":"https:\/\/doula-lilaluna.ch\/index.php\/kontakt\/","og_site_name":"Doula Lilaluna","article_modified_time":"2024-12-07T09:35:17+00:00","og_image":[{"width":8334,"height":5069,"url":"https:\/\/doula-lilaluna.ch\/wp-content\/uploads\/2024\/09\/lilaluna-elemente_5.png","type":"image\/png"}],"twitter_card":"summary_large_image","twitter_misc":{"Gesch\u00e4tzte Lesezeit":"3\u00a0Minuten"},"schema":{"@context":"https:\/\/schema.org","@graph":[{"@type":"WebPage","@id":"https:\/\/doula-lilaluna.ch\/index.php\/kontakt\/","url":"https:\/\/doula-lilaluna.ch\/index.php\/kontakt\/","name":"Kontakt - Doula Lilaluna","isPartOf":{"@id":"https:\/\/doula-lilaluna.ch\/#website"},"primaryImageOfPage":{"@id":"https:\/\/doula-lilaluna.ch\/index.php\/kontakt\/#primaryimage"},"image":{"@id":"https:\/\/doula-lilaluna.ch\/index.php\/kontakt\/#primaryimage"},"thumbnailUrl":"https:\/\/doula-lilaluna.ch\/wp-content\/uploads\/2024\/09\/lilaluna-elemente_5-1024x623.png","datePublished":"2024-10-13T17:22:16+00:00","dateModified":"2024-12-07T09:35:17+00:00","breadcrumb":{"@id":"https:\/\/doula-lilaluna.ch\/index.php\/kontakt\/#breadcrumb"},"inLanguage":"de","potentialAction":[{"@type":"ReadAction","target":["https:\/\/doula-lilaluna.ch\/index.php\/kontakt\/"]}]},{"@type":"ImageObject","inLanguage":"de","@id":"https:\/\/doula-lilaluna.ch\/index.php\/kontakt\/#primaryimage","url":"https:\/\/doula-lilaluna.ch\/wp-content\/uploads\/2024\/09\/lilaluna-elemente_5.png","contentUrl":"https:\/\/doula-lilaluna.ch\/wp-content\/uploads\/2024\/09\/lilaluna-elemente_5.png","width":8334,"height":5069},{"@type":"BreadcrumbList","@id":"https:\/\/doula-lilaluna.ch\/index.php\/kontakt\/#breadcrumb","itemListElement":[{"@type":"ListItem","position":1,"name":"Startseite","item":"https:\/\/doula-lilaluna.ch\/"},{"@type":"ListItem","position":2,"name":"Kontakt"}]},{"@type":"WebSite","@id":"https:\/\/doula-lilaluna.ch\/#website","url":"https:\/\/doula-lilaluna.ch\/","name":"Doula Lilaluna","description":"","publisher":{"@id":"https:\/\/doula-lilaluna.ch\/#\/schema\/person\/eb51abeee0f75899d8fa3b8374fb01df"},"potentialAction":[{"@type":"SearchAction","target":{"@type":"EntryPoint","urlTemplate":"https:\/\/doula-lilaluna.ch\/?s={search_term_string}"},"query-input":{"@type":"PropertyValueSpecification","valueRequired":true,"valueName":"search_term_string"}}],"inLanguage":"de"},{"@type":["Person","Organization"],"@id":"https:\/\/doula-lilaluna.ch\/#\/schema\/person\/eb51abeee0f75899d8fa3b8374fb01df","name":"admin","image":{"@type":"ImageObject","inLanguage":"de","@id":"https:\/\/doula-lilaluna.ch\/#\/schema\/person\/image\/","url":"https:\/\/doula-lilaluna.ch\/wp-content\/uploads\/2024\/08\/LilaLuna_RGB.png","contentUrl":"https:\/\/doula-lilaluna.ch\/wp-content\/uploads\/2024\/08\/LilaLuna_RGB.png","width":6615,"height":4583,"caption":"admin"},"logo":{"@id":"https:\/\/doula-lilaluna.ch\/#\/schema\/person\/image\/"},"sameAs":["https:\/\/doula-lilaluna.ch","https:\/\/www.instagram.com\/doulalilaluna"]}]}},"_links":{"self":[{"href":"https:\/\/doula-lilaluna.ch\/index.php\/wp-json\/wp\/v2\/pages\/253"}],"collection":[{"href":"https:\/\/doula-lilaluna.ch\/index.php\/wp-json\/wp\/v2\/pages"}],"about":[{"href":"https:\/\/doula-lilaluna.ch\/index.php\/wp-json\/wp\/v2\/types\/page"}],"author":[{"embeddable":true,"href":"https:\/\/doula-lilaluna.ch\/index.php\/wp-json\/wp\/v2\/users\/1"}],"replies":[{"embeddable":true,"href":"https:\/\/doula-lilaluna.ch\/index.php\/wp-json\/wp\/v2\/comments?post=253"}],"version-history":[{"count":16,"href":"https:\/\/doula-lilaluna.ch\/index.php\/wp-json\/wp\/v2\/pages\/253\/revisions"}],"predecessor-version":[{"id":325,"href":"https:\/\/doula-lilaluna.ch\/index.php\/wp-json\/wp\/v2\/pages\/253\/revisions\/325"}],"wp:attachment":[{"href":"https:\/\/doula-lilaluna.ch\/index.php\/wp-json\/wp\/v2\/media?parent=253"}],"curies":[{"name":"wp","href":"https:\/\/api.w.org\/{rel}","templated":true}]}}